{"id":218,"date":"2023-02-04T18:30:52","date_gmt":"2023-02-04T18:30:52","guid":{"rendered":"http:\/\/gold-apartments.de\/?page_id=218"},"modified":"2026-02-21T08:36:38","modified_gmt":"2026-02-21T08:36:38","slug":"gold-appointmens-2","status":"publish","type":"page","link":"http:\/\/gold-apartments.de\/en\/","title":{"rendered":"Gold Appointmens 2"},"content":{"rendered":"<div class=\"banner has-hover bg-glow\" id=\"banner-1984669231\">\n          <div class=\"banner-inner fill\">\n        <div class=\"banner-bg fill\" >\n            <div class=\"bg fill bg-fill\"><\/div>\n                        <div class=\"overlay\"><\/div>            \n                    <\/div>\n\t\t\n        <div class=\"banner-layers container\">\n            <div class=\"fill banner-link\"><\/div>            \n\n   <div id=\"text-box-2146403933\" class=\"text-box banner-layer x50 md-x0 lg-x0 y85 md-y50 lg-y50 res-text\">\n                                <div class=\"text-box-content text dark text-shadow-1\">\n              \n              <div class=\"text-inner text-left\">\n                  \n\n\t<div id=\"text-878024670\" class=\"text\">\n\t\t\n\n<h1><strong>Ihr Zuhause auf Zeit im Raum N\u00fcrnberg<\/strong><\/h1>\n<p>Sie sind beruflich in der Region unterwegs und suchen eine praktische und komfortable Unterkunft?<\/p>\n<p>Unsere Apartments bieten Ihnen alles, was Sie f\u00fcr einen angenehmen Aufenthalt brauchen \u2013 funktional eingerichtet, gut angebunden und mit ausreichend Raum zum Wohnen statt nur zum \u00dcbernachten.<\/p>\n<p>Unkompliziert, zuverl\u00e4ssig und fair \u2013 damit Sie sich auf das Wesentliche konzentrieren k\u00f6nnen.<\/p>\n\t\t\n<style>\n#text-878024670 {\n  text-align: left;\n  color: rgb(56, 52, 53);\n}\n#text-878024670 > * {\n  color: rgb(56, 52, 53);\n}\n<\/style>\n\t<\/div>\n\t\n<a data-animate=\"fadeInDown\" href=\"https:\/\/gold-apartments.de\/en\/hier-buchen\/\" target=\"_self\" class=\"button primary is-gloss box-shadow-4\"  style=\"border-radius:13px;\">\n    <span>Zur Buchung!<\/span>\n  <\/a>\n\n\n\n              <\/div>\n           <\/div>\n                            \n<style>\n#text-box-2146403933 {\n  margin: 0px 0px 0px 0px;\n  width: 100%;\n}\n#text-box-2146403933 .text-box-content {\n  background-color: rgba(248, 242, 242, 0.6);\n  font-size: 100%;\n}\n#text-box-2146403933 .text-inner {\n  padding: 30px 30px 30px 30px;\n}\n@media (min-width:550px) {\n  #text-box-2146403933 {\n    margin: 0px 0px 0px 13px;\n    width: 73%;\n  }\n}\n<\/style>\n    <\/div>\n \n\n        <\/div>\n      <\/div>\n\n            \n<style>\n#banner-1984669231 {\n  padding-top: 850px;\n}\n#banner-1984669231 .bg.bg-loaded {\n  background-image: url(http:\/\/gold-apartments.de\/wp-content\/uploads\/2023\/02\/IMAG3211-1-768x1024.jpg);\n}\n#banner-1984669231 .overlay {\n  background-color: rgba(0, 0, 0, 0.5);\n}\n#banner-1984669231 .bg {\n  background-position: 0% 0%;\n}\n#banner-1984669231 .ux-shape-divider--top svg {\n  height: 150px;\n  --divider-top-width: 100%;\n}\n#banner-1984669231 .ux-shape-divider--bottom svg {\n  height: 150px;\n  --divider-width: 100%;\n}\n<\/style>\n  <\/div>\n\n\n\t<section class=\"section\" id=\"section_1775332931\">\n\t\t<div class=\"bg section-bg fill bg-fill  bg-loaded\" >\n\n\t\t\t\n\t\t\t\n\t\t\t\n\n\t\t<\/div>\n\n\t\t\n\n\t\t<div class=\"section-content relative\">\n\t\t\t\n\n\t<div id=\"gap-1962975682\" class=\"gap-element clearfix\" style=\"display:block; height:auto;\">\n\t\t\n<style>\n#gap-1962975682 {\n  padding-top: 40px;\n}\n<\/style>\n\t<\/div>\n\t\n\n<div class=\"row\"  id=\"row-1050255353\">\n\n\n\t<div id=\"col-881124874\" class=\"col medium-6 small-12 large-6\"  >\n\t\t\t\t<div class=\"col-inner\"  >\n\t\t\t\n\t\t\t\n\n\n  <div class=\"banner has-hover\" id=\"banner-1847058727\">\n          <div class=\"banner-inner fill\">\n        <div class=\"banner-bg fill\" >\n            <div class=\"bg fill bg-fill\"><\/div>\n                                    \n                    <\/div>\n\t\t\n        <div class=\"banner-layers container\">\n            <div class=\"fill banner-link\"><\/div>            \n\n   <div id=\"text-box-27002678\" class=\"text-box banner-layer x50 md-x50 lg-x50 y50 md-y50 lg-y50 res-text\">\n                                <div class=\"text-box-content text dark\">\n              \n              <div class=\"text-inner text-center\">\n                  \n\n\n              <\/div>\n           <\/div>\n                            \n<style>\n#text-box-27002678 {\n  width: 60%;\n}\n#text-box-27002678 .text-box-content {\n  font-size: 100%;\n}\n@media (min-width:550px) {\n  #text-box-27002678 {\n    width: 60%;\n  }\n}\n<\/style>\n    <\/div>\n \n\n        <\/div>\n      <\/div>\n\n            \n<style>\n#banner-1847058727 {\n  padding-top: 340px;\n}\n#banner-1847058727 .bg.bg-loaded {\n  background-image: url(http:\/\/gold-apartments.de\/wp-content\/uploads\/2023\/02\/25212758-schoener-brunnen-mit-rathaus-und-stadtkirche-schwabach-2prrX2ZVaAea-2-1024x576.jpg);\n}\n#banner-1847058727 .ux-shape-divider--top svg {\n  height: 150px;\n  --divider-top-width: 100%;\n}\n#banner-1847058727 .ux-shape-divider--bottom svg {\n  height: 150px;\n  --divider-width: 100%;\n}\n<\/style>\n  <\/div>\n\n\n\n\t\t<\/div>\n\t\t\t\t\t<\/div>\n\n\t\n\n\t<div id=\"col-1843856249\" class=\"col medium-6 small-12 large-6\"  >\n\t\t\t\t<div class=\"col-inner\"  >\n\t\t\t\n\t\t\t\n\n<h1><strong>\u00dcber Gold Apartments<\/strong><\/h1>\n<p>Seit 2023 vermieten wir moderne, gut ausgestattete Apartments und Monteurzimmer f\u00fcr ein bis drei Personen \u2013 zentral gelegen in der Schwabacher Innenstadt.<\/p>\n<p>Unsere Wohnungen bieten Ihnen eine praktische und angenehme Unterkunft auf Zeit, mit allem, was Sie f\u00fcr einen unkomplizierten Aufenthalt ben\u00f6tigen.<\/p>\n<p>Direkt vor der T\u00fcr erleben Sie das historische Flair Schwabachs: kurze Wege, der lebendige Marktplatz und die entspannte Atmosph\u00e4re einer fr\u00e4nkischen Kleinstadt.<\/p>\n\t<div id=\"gap-231223931\" class=\"gap-element clearfix\" style=\"display:block; height:auto;\">\n\t\t\n<style>\n#gap-231223931 {\n  padding-top: 30px;\n}\n<\/style>\n\t<\/div>\n\t\n\n<a href=\"https:\/\/gold-apartments.de\/en\/hier-buchen\/\" target=\"_self\" class=\"button primary is-gloss box-shadow-4\"  style=\"border-radius:13px;\">\n    <span>Buchen Sie hier Ihre Unterkunft!<\/span>\n  <\/a>\n\n\n\n\t\t<\/div>\n\t\t\t\t\t<\/div>\n\n\t\n\n<\/div>\n\n\t\t<\/div>\n\n\t\t\n<style>\n#section_1775332931 {\n  padding-top: 30px;\n  padding-bottom: 30px;\n  background-color: rgb(247, 247, 247);\n}\n#section_1775332931 .ux-shape-divider--top svg {\n  height: 150px;\n  --divider-top-width: 100%;\n}\n#section_1775332931 .ux-shape-divider--bottom svg {\n  height: 150px;\n  --divider-width: 100%;\n}\n<\/style>\n\t<\/section>\n\t\n\t<section class=\"section\" id=\"section_749283712\">\n\t\t<div class=\"bg section-bg fill bg-fill  bg-loaded\" >\n\n\t\t\t\n\t\t\t\n\t\t\t\n\n\t\t<\/div>\n\n\t\t\n\n\t\t<div class=\"section-content relative\">\n\t\t\t\n\n<div class=\"row\"  id=\"row-1272039056\">\n\n\n\t<div id=\"col-874805030\" class=\"col medium-4 small-12 large-4\"  >\n\t\t\t\t<div class=\"col-inner\"  >\n\t\t\t\n\t\t\t\n\n\t<div class=\"img has-hover x md-x lg-x y md-y lg-y\" id=\"image_1305519687\">\n\t\t\t\t\t\t\t\t<div class=\"img-inner image-cover dark\" style=\"padding-top:100%;\">\n\t\t\t<img width=\"1920\" height=\"2560\" src=\"http:\/\/gold-apartments.de\/wp-content\/uploads\/2023\/02\/PXL_20210823_144852711-scaled.jpg\" class=\"attachment-original size-original\" alt=\"\" decoding=\"async\" loading=\"lazy\" srcset=\"http:\/\/gold-apartments.de\/wp-content\/uploads\/2023\/02\/PXL_20210823_144852711-scaled.jpg 1920w, http:\/\/gold-apartments.de\/wp-content\/uploads\/2023\/02\/PXL_20210823_144852711-225x300.jpg 225w, http:\/\/gold-apartments.de\/wp-content\/uploads\/2023\/02\/PXL_20210823_144852711-768x1024.jpg 768w, http:\/\/gold-apartments.de\/wp-content\/uploads\/2023\/02\/PXL_20210823_144852711-1152x1536.jpg 1152w, http:\/\/gold-apartments.de\/wp-content\/uploads\/2023\/02\/PXL_20210823_144852711-1536x2048.jpg 1536w\" sizes=\"(max-width: 1920px) 100vw, 1920px\" \/>\t\t\t\t\t\t\n\t\t\t\t\t<\/div>\n\t\t\t\t\t\t\t\t\n<style>\n#image_1305519687 {\n  width: 100%;\n}\n<\/style>\n\t<\/div>\n\t\n\n\n\t\t<\/div>\n\t\t\t\t\t<\/div>\n\n\t\n\n\t<div id=\"col-318598867\" class=\"col medium-4 small-12 large-4\"  >\n\t\t\t\t<div class=\"col-inner\"  >\n\t\t\t\n\t\t\t\n\n\t<div class=\"img has-hover x md-x lg-x y md-y lg-y\" id=\"image_1756358706\">\n\t\t\t\t\t\t\t\t<div class=\"img-inner image-cover dark\" style=\"padding-top:100%;\">\n\t\t\t<img width=\"1920\" height=\"2560\" src=\"http:\/\/gold-apartments.de\/wp-content\/uploads\/2023\/02\/PXL_20210823_143605217.PORTRAIT-scaled.jpg\" class=\"attachment-original size-original\" alt=\"\" decoding=\"async\" loading=\"lazy\" srcset=\"http:\/\/gold-apartments.de\/wp-content\/uploads\/2023\/02\/PXL_20210823_143605217.PORTRAIT-scaled.jpg 1920w, http:\/\/gold-apartments.de\/wp-content\/uploads\/2023\/02\/PXL_20210823_143605217.PORTRAIT-225x300.jpg 225w, http:\/\/gold-apartments.de\/wp-content\/uploads\/2023\/02\/PXL_20210823_143605217.PORTRAIT-768x1024.jpg 768w, http:\/\/gold-apartments.de\/wp-content\/uploads\/2023\/02\/PXL_20210823_143605217.PORTRAIT-1152x1536.jpg 1152w, http:\/\/gold-apartments.de\/wp-content\/uploads\/2023\/02\/PXL_20210823_143605217.PORTRAIT-1536x2048.jpg 1536w\" sizes=\"(max-width: 1920px) 100vw, 1920px\" \/>\t\t\t\t\t\t\n\t\t\t\t\t<\/div>\n\t\t\t\t\t\t\t\t\n<style>\n#image_1756358706 {\n  width: 100%;\n}\n<\/style>\n\t<\/div>\n\t\n\n\n\t\t<\/div>\n\t\t\t\t\t<\/div>\n\n\t\n\n\t<div id=\"col-299620909\" class=\"col medium-4 small-12 large-4\"  >\n\t\t\t\t<div class=\"col-inner\"  >\n\t\t\t\n\t\t\t\n\n\t<div class=\"img has-hover x md-x lg-x y md-y lg-y\" id=\"image_1703680076\">\n\t\t\t\t\t\t\t\t<div class=\"img-inner image-cover dark\" style=\"padding-top:100%;\">\n\t\t\t<img width=\"1920\" height=\"2560\" src=\"http:\/\/gold-apartments.de\/wp-content\/uploads\/2023\/02\/PXL_20210823_133305454-scaled.jpg\" class=\"attachment-original size-original\" alt=\"\" decoding=\"async\" loading=\"lazy\" srcset=\"http:\/\/gold-apartments.de\/wp-content\/uploads\/2023\/02\/PXL_20210823_133305454-scaled.jpg 1920w, http:\/\/gold-apartments.de\/wp-content\/uploads\/2023\/02\/PXL_20210823_133305454-225x300.jpg 225w, http:\/\/gold-apartments.de\/wp-content\/uploads\/2023\/02\/PXL_20210823_133305454-768x1024.jpg 768w, http:\/\/gold-apartments.de\/wp-content\/uploads\/2023\/02\/PXL_20210823_133305454-1152x1536.jpg 1152w, http:\/\/gold-apartments.de\/wp-content\/uploads\/2023\/02\/PXL_20210823_133305454-1536x2048.jpg 1536w\" sizes=\"(max-width: 1920px) 100vw, 1920px\" \/>\t\t\t\t\t\t\n\t\t\t\t\t<\/div>\n\t\t\t\t\t\t\t\t\n<style>\n#image_1703680076 {\n  width: 100%;\n}\n<\/style>\n\t<\/div>\n\t\n\n\n\t\t<\/div>\n\t\t\t\t\t<\/div>\n\n\t\n\n<\/div>\n<div class=\"row\"  id=\"row-399600703\">\n\n\n\t<div id=\"col-2133412340\" class=\"col medium-6 small-12 large-6\"  >\n\t\t\t\t<div class=\"col-inner\"  >\n\t\t\t\n\t\t\t\n\n<h2><strong>Komfortabel wohnen auf Zeit<\/strong><\/h2>\n<div class=\"row row-collapse\"  id=\"row-632781968\">\n\n\n\t<div id=\"col-374913870\" class=\"col medium-2 small-1 large-2\"  >\n\t\t\t\t<div class=\"col-inner\"  >\n\t\t\t\n\t\t\t\n\n\n\t<a class=\"plain\" href=\"https:\/\/www.facebook.com\/profile.php?id=100089863129676\"  >\t<div class=\"icon-box featured-box icon-box-left text-left\"  style=\"margin:0px -3px 0px 0px;\">\n\t\t\t\t\t<div class=\"icon-box-img\" style=\"width: 43px\">\n\t\t\t\t<div class=\"icon\">\n\t\t\t\t\t<div class=\"icon-inner\" >\n\t\t\t\t\t\t<img width=\"300\" height=\"300\" src=\"http:\/\/gold-apartments.de\/wp-content\/uploads\/2023\/02\/facebook-new-1-300x300.png\" class=\"attachment-medium size-medium\" alt=\"\" decoding=\"async\" loading=\"lazy\" srcset=\"http:\/\/gold-apartments.de\/wp-content\/uploads\/2023\/02\/facebook-new-1-300x300.png 300w, http:\/\/gold-apartments.de\/wp-content\/uploads\/2023\/02\/facebook-new-1-150x150.png 150w, http:\/\/gold-apartments.de\/wp-content\/uploads\/2023\/02\/facebook-new-1.png 512w\" sizes=\"(max-width: 300px) 100vw, 300px\" \/>\t\t\t\t\t<\/div>\n\t\t\t\t<\/div>\n\t\t\t<\/div>\n\t\t\t\t<div class=\"icon-box-text last-reset\">\n\t\t\t\t\t\t\t\t\t\n\n\n\t\t<\/div>\n\t<\/div>\n\t<\/a>\n\t\n\n\t\t<\/div>\n\t\t\t\t\t<\/div>\n\n\t\n\n\t<div id=\"col-980297127\" class=\"col medium-2 small-4 large-2\"  >\n\t\t\t\t<div class=\"col-inner\"  >\n\t\t\t\n\t\t\t\n\n\n\t<a class=\"plain\" href=\"https:\/\/instagram.com\/gold_apartments_schwabach?igshid=ZDdkNTZiNTM=\"  >\t<div class=\"icon-box featured-box icon-box-left text-left\"  style=\"margin:0px -3px 0px 0px;\">\n\t\t\t\t\t<div class=\"icon-box-img\" style=\"width: 43px\">\n\t\t\t\t<div class=\"icon\">\n\t\t\t\t\t<div class=\"icon-inner\" >\n\t\t\t\t\t\t<img width=\"300\" height=\"300\" src=\"http:\/\/gold-apartments.de\/wp-content\/uploads\/2023\/02\/insta-1-300x300.png\" class=\"attachment-medium size-medium\" alt=\"\" decoding=\"async\" loading=\"lazy\" srcset=\"http:\/\/gold-apartments.de\/wp-content\/uploads\/2023\/02\/insta-1-300x300.png 300w, http:\/\/gold-apartments.de\/wp-content\/uploads\/2023\/02\/insta-1-150x150.png 150w, http:\/\/gold-apartments.de\/wp-content\/uploads\/2023\/02\/insta-1.png 512w\" sizes=\"(max-width: 300px) 100vw, 300px\" \/>\t\t\t\t\t<\/div>\n\t\t\t\t<\/div>\n\t\t\t<\/div>\n\t\t\t\t<div class=\"icon-box-text last-reset\">\n\t\t\t\t\t\t\t\t\t\n\n\n\t\t<\/div>\n\t<\/div>\n\t<\/a>\n\t\n\n\t\t<\/div>\n\t\t\t\t\n<style>\n#col-980297127 > .col-inner {\n  margin: 0px 0px 0px 20px;\n}\n@media (min-width:550px) {\n  #col-980297127 > .col-inner {\n    margin: 0px 0px 0px -30px;\n  }\n}\n<\/style>\n\t<\/div>\n\n\t\n\n\t<div id=\"col-1035892074\" class=\"col medium-2 small-1 large-2\"  >\n\t\t\t\t<div class=\"col-inner\"  >\n\t\t\t\n\t\t\t\n\n\n\t<a class=\"plain\" href=\"https:\/\/api.whatsapp.com\/send\/?phone=+4917647625278&amp;text&amp;type=phone_number&amp;app_absent=0\"  >\t<div class=\"icon-box featured-box icon-box-left text-left\"  style=\"margin:0px -3px 0px 0px;\">\n\t\t\t\t\t<div class=\"icon-box-img\" style=\"width: 43px\">\n\t\t\t\t<div class=\"icon\">\n\t\t\t\t\t<div class=\"icon-inner\" >\n\t\t\t\t\t\t<img width=\"300\" height=\"300\" src=\"http:\/\/gold-apartments.de\/wp-content\/uploads\/2023\/02\/whatsapp-1-300x300.png\" class=\"attachment-medium size-medium\" alt=\"\" decoding=\"async\" loading=\"lazy\" srcset=\"http:\/\/gold-apartments.de\/wp-content\/uploads\/2023\/02\/whatsapp-1-300x300.png 300w, http:\/\/gold-apartments.de\/wp-content\/uploads\/2023\/02\/whatsapp-1-150x150.png 150w, http:\/\/gold-apartments.de\/wp-content\/uploads\/2023\/02\/whatsapp-1.png 512w\" sizes=\"(max-width: 300px) 100vw, 300px\" \/>\t\t\t\t\t<\/div>\n\t\t\t\t<\/div>\n\t\t\t<\/div>\n\t\t\t\t<div class=\"icon-box-text last-reset\">\n\t\t\t\t\t\t\t\t\t\n\n\n\t\t<\/div>\n\t<\/div>\n\t<\/a>\n\t\n\n\t\t<\/div>\n\t\t\t\t\n<style>\n#col-1035892074 > .col-inner {\n  margin: 0px 0px 0px -40px;\n}\n@media (min-width:550px) {\n  #col-1035892074 > .col-inner {\n    margin: 0px 0px 0px -60px;\n  }\n}\n<\/style>\n\t<\/div>\n\n\t\n\n\t<div id=\"col-6862936\" class=\"col medium-2 small-1 large-2\"  >\n\t\t\t\t<div class=\"col-inner\"  >\n\t\t\t\n\t\t\t\n\n\n\t<a class=\"plain\" href=\"https:\/\/www.airbnb.de\/users\/show\/493691413\"  >\t<div class=\"icon-box featured-box icon-box-left text-left\"  style=\"margin:0px -3px 0px 0px;\">\n\t\t\t\t\t<div class=\"icon-box-img\" style=\"width: 43px\">\n\t\t\t\t<div class=\"icon\">\n\t\t\t\t\t<div class=\"icon-inner\" >\n\t\t\t\t\t\t<img width=\"300\" height=\"300\" src=\"http:\/\/gold-apartments.de\/wp-content\/uploads\/2023\/02\/airpnb-1-300x300.png\" class=\"attachment-medium size-medium\" alt=\"\" decoding=\"async\" loading=\"lazy\" srcset=\"http:\/\/gold-apartments.de\/wp-content\/uploads\/2023\/02\/airpnb-1-300x300.png 300w, http:\/\/gold-apartments.de\/wp-content\/uploads\/2023\/02\/airpnb-1-150x150.png 150w, http:\/\/gold-apartments.de\/wp-content\/uploads\/2023\/02\/airpnb-1.png 512w\" sizes=\"(max-width: 300px) 100vw, 300px\" \/>\t\t\t\t\t<\/div>\n\t\t\t\t<\/div>\n\t\t\t<\/div>\n\t\t\t\t<div class=\"icon-box-text last-reset\">\n\t\t\t\t\t\t\t\t\t\n\n\n\t\t<\/div>\n\t<\/div>\n\t<\/a>\n\t\n\n\t\t<\/div>\n\t\t\t\t\n<style>\n#col-6862936 > .col-inner {\n  margin: 0px 0px 0px -20px;\n}\n@media (min-width:550px) {\n  #col-6862936 > .col-inner {\n    margin: 0px 0px 0px -90px;\n  }\n}\n<\/style>\n\t<\/div>\n\n\t\n\n<\/div>\n\n\t\t<\/div>\n\t\t\t\t\t<\/div>\n\n\t\n\n\t<div id=\"col-1049656459\" class=\"col medium-6 small-12 large-6\"  >\n\t\t\t\t<div class=\"col-inner\"  >\n\t\t\t\n\t\t\t\n\n<p><span data-text-color=\"primary\"><strong>Adresse<br><\/strong><\/span>K. Bastw\u00f6ste<br>Am Neuen Bau 8<br>91126 Schwabach<br>Inhaber: K. Bastw\u00f6ste<\/p>\n<p> USt.-ID: DE359086008<\/p>\n<p><span data-text-color=\"primary\"><strong>Email-Adresse<br><\/strong><\/span>verwaltung@gold-apartments.de<\/p>\n<p><span data-text-color=\"primary\"><strong>Telefon<br><\/strong><\/span>+49 176 47625278<\/p>\n\n\t\t<\/div>\n\t\t\t\t\t<\/div>\n\n\t\n\n<\/div>\n\n\t\t<\/div>\n\n\t\t\n<style>\n#section_749283712 {\n  padding-top: 30px;\n  padding-bottom: 30px;\n  background-color: rgb(243, 243, 243);\n}\n#section_749283712 .ux-shape-divider--top svg {\n  height: 150px;\n  --divider-top-width: 100%;\n}\n#section_749283712 .ux-shape-divider--bottom svg {\n  height: 150px;\n  --divider-width: 100%;\n}\n<\/style>\n\t<\/section>","protected":false},"excerpt":{"rendered":"","protected":false},"author":1,"featured_media":0,"parent":0,"menu_order":0,"comment_status":"closed","ping_status":"closed","template":"page-transparent-header.php","meta":[],"_links":{"self":[{"href":"http:\/\/gold-apartments.de\/en\/wp-json\/wp\/v2\/pages\/218"}],"collection":[{"href":"http:\/\/gold-apartments.de\/en\/wp-json\/wp\/v2\/pages"}],"about":[{"href":"http:\/\/gold-apartments.de\/en\/wp-json\/wp\/v2\/types\/page"}],"author":[{"embeddable":true,"href":"http:\/\/gold-apartments.de\/en\/wp-json\/wp\/v2\/users\/1"}],"replies":[{"embeddable":true,"href":"http:\/\/gold-apartments.de\/en\/wp-json\/wp\/v2\/comments?post=218"}],"version-history":[{"count":46,"href":"http:\/\/gold-apartments.de\/en\/wp-json\/wp\/v2\/pages\/218\/revisions"}],"predecessor-version":[{"id":314,"href":"http:\/\/gold-apartments.de\/en\/wp-json\/wp\/v2\/pages\/218\/revisions\/314"}],"wp:attachment":[{"href":"http:\/\/gold-apartments.de\/en\/wp-json\/wp\/v2\/media?parent=218"}],"curies":[{"name":"wp","href":"https:\/\/api.w.org\/{rel}","templated":true}]}}