{"id":28,"date":"2023-02-01T09:42:36","date_gmt":"2023-02-01T09:42:36","guid":{"rendered":"http:\/\/gold-apartments.de\/?page_id=28"},"modified":"2024-07-13T18:48:33","modified_gmt":"2024-07-13T18:48:33","slug":"home","status":"publish","type":"page","link":"http:\/\/gold-apartments.de\/en\/home\/","title":{"rendered":"Gold Apartments"},"content":{"rendered":"\n<style>\/*! elementor - v3.10.2 - 29-01-2023 *\/<br \/>\n.elementor-widget-image{text-align:center}.elementor-widget-image a{display:inline-block}.elementor-widget-image a img[src$=\".svg\"]{width:48px}.elementor-widget-image img{vertical-align:middle;display:inline-block}<\/style>\n<p>\t\t\t\t\t\t\t\t\t\t\t\t<img decoding=\"async\" src=\"http:\/\/gold-apartments.de\/wp-content\/uploads\/elementor\/thumbs\/IMAG3211-1-scaled-q1ijinpw3jl1gg2m63ivq9hykeqm4kricie5442d9c.jpg\" title=\"IMAG3211 (1)\" alt=\"IMAG3211 (1)\" loading=\"lazy\">\t\t\t\t\t\t\t\t\t\t\t\t\t\t\t<\/p>\n<p>Spezialist f\u00fcr Kurzzeitvermietung<\/p>\n<p>Sie haben beruflich im Raum N\u00fcrnberg zu tun? Sie m\u00f6chten nicht nur einen preiswerten Schlafraum sondern legen Wert auf Lebensqualit\u00e4t?<br>Dann sind Sie bei uns genau richtig!<\/p>\n<p>&nbsp;<\/p>\n<p>\t\t\t<a href=\"#\" role=\"button\"><br>\n\t\t\t\t\t\tHier Klicken<br>\n\t\t\t\t\t<\/a><br>\n\t\t\t\t\t\t\t\t\t\t\t\t\t\t\t<img decoding=\"async\" width=\"1024\" height=\"576\" src=\"http:\/\/gold-apartments.de\/wp-content\/uploads\/2023\/02\/25212758-schoener-brunnen-mit-rathaus-und-stadtkirche-schwabach-2prrX2ZVaAea-2-1024x576.jpg\" alt=\"\" loading=\"lazy\" srcset=\"http:\/\/gold-apartments.de\/wp-content\/uploads\/2023\/02\/25212758-schoener-brunnen-mit-rathaus-und-stadtkirche-schwabach-2prrX2ZVaAea-2-1024x576.jpg 1024w, http:\/\/gold-apartments.de\/wp-content\/uploads\/2023\/02\/25212758-schoener-brunnen-mit-rathaus-und-stadtkirche-schwabach-2prrX2ZVaAea-2-300x169.jpg 300w, http:\/\/gold-apartments.de\/wp-content\/uploads\/2023\/02\/25212758-schoener-brunnen-mit-rathaus-und-stadtkirche-schwabach-2prrX2ZVaAea-2-768x432.jpg 768w, http:\/\/gold-apartments.de\/wp-content\/uploads\/2023\/02\/25212758-schoener-brunnen-mit-rathaus-und-stadtkirche-schwabach-2prrX2ZVaAea-2-1536x864.jpg 1536w, http:\/\/gold-apartments.de\/wp-content\/uploads\/2023\/02\/25212758-schoener-brunnen-mit-rathaus-und-stadtkirche-schwabach-2prrX2ZVaAea-2-2048x1152.jpg 2048w\" sizes=\"(max-width: 1024px) 100vw, 1024px\">\t\t\t\t\t\t\t\t\t\t\t\t\t\t\t<\/p>\n<p>Seit 2023 vermieten wir frisch renovierte Ferienwohnungen und Monteurzimmer f\u00fcr ein bis drei Personen in der Schwabacher Innenstadt.<\/p>\n<p>Entspannen Sie sich nach einem anstrengenden Arbeitstag in historischem Ambiente oder besuchen Sie den quirligen Schwabacher Marktplatz und genie\u00dfen Sie die Atmosph\u00e4re der fr\u00e4nkischen Kleinstadt.<\/p>\n<p>\t\t\t<a href=\"#\" role=\"button\"><br>\n\t\t\t\t\t\tBuchen sai jetzt<br>\n\t\t\t\t\t<\/a><br>\n\t\t\t\t\t\t\t\t\t\t\t\t\t\t\t<img decoding=\"async\" width=\"768\" height=\"1024\" src=\"http:\/\/gold-apartments.de\/wp-content\/uploads\/2023\/02\/PXL_20210823_144852711-1-768x1024.jpg\" alt=\"\" loading=\"lazy\" srcset=\"http:\/\/gold-apartments.de\/wp-content\/uploads\/2023\/02\/PXL_20210823_144852711-1-768x1024.jpg 768w, http:\/\/gold-apartments.de\/wp-content\/uploads\/2023\/02\/PXL_20210823_144852711-1-225x300.jpg 225w, http:\/\/gold-apartments.de\/wp-content\/uploads\/2023\/02\/PXL_20210823_144852711-1-1152x1536.jpg 1152w, http:\/\/gold-apartments.de\/wp-content\/uploads\/2023\/02\/PXL_20210823_144852711-1-1536x2048.jpg 1536w, http:\/\/gold-apartments.de\/wp-content\/uploads\/2023\/02\/PXL_20210823_144852711-1-scaled.jpg 1920w\" sizes=\"(max-width: 768px) 100vw, 768px\"><br>\n\t\t\t\t\t\t\t\t\t\t\t\t\t\t\t<img decoding=\"async\" width=\"768\" height=\"1024\" src=\"http:\/\/gold-apartments.de\/wp-content\/uploads\/2023\/02\/PXL_20210823_143605217.PORTRAIT-768x1024.jpg\" alt=\"\" loading=\"lazy\" srcset=\"http:\/\/gold-apartments.de\/wp-content\/uploads\/2023\/02\/PXL_20210823_143605217.PORTRAIT-768x1024.jpg 768w, http:\/\/gold-apartments.de\/wp-content\/uploads\/2023\/02\/PXL_20210823_143605217.PORTRAIT-225x300.jpg 225w, http:\/\/gold-apartments.de\/wp-content\/uploads\/2023\/02\/PXL_20210823_143605217.PORTRAIT-1152x1536.jpg 1152w, http:\/\/gold-apartments.de\/wp-content\/uploads\/2023\/02\/PXL_20210823_143605217.PORTRAIT-1536x2048.jpg 1536w, http:\/\/gold-apartments.de\/wp-content\/uploads\/2023\/02\/PXL_20210823_143605217.PORTRAIT-scaled.jpg 1920w\" sizes=\"(max-width: 768px) 100vw, 768px\"><br>\n\t\t\t\t\t\t\t\t\t\t\t\t\t\t\t<img decoding=\"async\" width=\"768\" height=\"1024\" src=\"http:\/\/gold-apartments.de\/wp-content\/uploads\/2023\/02\/PXL_20210823_133305454-768x1024.jpg\" alt=\"\" loading=\"lazy\" srcset=\"http:\/\/gold-apartments.de\/wp-content\/uploads\/2023\/02\/PXL_20210823_133305454-768x1024.jpg 768w, http:\/\/gold-apartments.de\/wp-content\/uploads\/2023\/02\/PXL_20210823_133305454-225x300.jpg 225w, http:\/\/gold-apartments.de\/wp-content\/uploads\/2023\/02\/PXL_20210823_133305454-1152x1536.jpg 1152w, http:\/\/gold-apartments.de\/wp-content\/uploads\/2023\/02\/PXL_20210823_133305454-1536x2048.jpg 1536w, http:\/\/gold-apartments.de\/wp-content\/uploads\/2023\/02\/PXL_20210823_133305454-scaled.jpg 1920w\" sizes=\"(max-width: 768px) 100vw, 768px\">\t\t\t\t\t\t\t\t\t\t\t\t\t\t\t<\/p>\n<p>Ihr Partner f\u00fcr Kurzzeitvermietung<\/p>\n<style>\/*! elementor - v3.10.2 - 29-01-2023 *\/<br \/>\n.elementor-widget-social-icons.elementor-grid-0 .elementor-widget-container,.elementor-widget-social-icons.elementor-grid-mobile-0 .elementor-widget-container,.elementor-widget-social-icons.elementor-grid-tablet-0 .elementor-widget-container{line-height:1;font-size:0}.elementor-widget-social-icons:not(.elementor-grid-0):not(.elementor-grid-tablet-0):not(.elementor-grid-mobile-0) .elementor-grid{display:inline-grid}.elementor-widget-social-icons .elementor-grid{grid-column-gap:var(--grid-column-gap,5px);grid-row-gap:var(--grid-row-gap,5px);grid-template-columns:var(--grid-template-columns);justify-content:var(--justify-content,center);justify-items:var(--justify-content,center)}.elementor-icon.elementor-social-icon{font-size:var(--icon-size,25px);line-height:var(--icon-size,25px);width:calc(var(--icon-size, 25px) + (2 * var(--icon-padding, .5em)));height:calc(var(--icon-size, 25px) + (2 * var(--icon-padding, .5em)))}.elementor-social-icon{--e-social-icon-icon-color:#fff;display:inline-flex;background-color:#818a91;align-items:center;justify-content:center;text-align:center;cursor:pointer}.elementor-social-icon i{color:var(--e-social-icon-icon-color)}.elementor-social-icon svg{fill:var(--e-social-icon-icon-color)}.elementor-social-icon:last-child{margin:0}.elementor-social-icon:hover{opacity:.9;color:#fff}.elementor-social-icon-android{background-color:#a4c639}.elementor-social-icon-apple{background-color:#999}.elementor-social-icon-behance{background-color:#1769ff}.elementor-social-icon-bitbucket{background-color:#205081}.elementor-social-icon-codepen{background-color:#000}.elementor-social-icon-delicious{background-color:#39f}.elementor-social-icon-deviantart{background-color:#05cc47}.elementor-social-icon-digg{background-color:#005be2}.elementor-social-icon-dribbble{background-color:#ea4c89}.elementor-social-icon-elementor{background-color:#d30c5c}.elementor-social-icon-envelope{background-color:#ea4335}.elementor-social-icon-facebook,.elementor-social-icon-facebook-f{background-color:#3b5998}.elementor-social-icon-flickr{background-color:#0063dc}.elementor-social-icon-foursquare{background-color:#2d5be3}.elementor-social-icon-free-code-camp,.elementor-social-icon-freecodecamp{background-color:#006400}.elementor-social-icon-github{background-color:#333}.elementor-social-icon-gitlab{background-color:#e24329}.elementor-social-icon-globe{background-color:#818a91}.elementor-social-icon-google-plus,.elementor-social-icon-google-plus-g{background-color:#dd4b39}.elementor-social-icon-houzz{background-color:#7ac142}.elementor-social-icon-instagram{background-color:#262626}.elementor-social-icon-jsfiddle{background-color:#487aa2}.elementor-social-icon-link{background-color:#818a91}.elementor-social-icon-linkedin,.elementor-social-icon-linkedin-in{background-color:#0077b5}.elementor-social-icon-medium{background-color:#00ab6b}.elementor-social-icon-meetup{background-color:#ec1c40}.elementor-social-icon-mixcloud{background-color:#273a4b}.elementor-social-icon-odnoklassniki{background-color:#f4731c}.elementor-social-icon-pinterest{background-color:#bd081c}.elementor-social-icon-product-hunt{background-color:#da552f}.elementor-social-icon-reddit{background-color:#ff4500}.elementor-social-icon-rss{background-color:#f26522}.elementor-social-icon-shopping-cart{background-color:#4caf50}.elementor-social-icon-skype{background-color:#00aff0}.elementor-social-icon-slideshare{background-color:#0077b5}.elementor-social-icon-snapchat{background-color:#fffc00}.elementor-social-icon-soundcloud{background-color:#f80}.elementor-social-icon-spotify{background-color:#2ebd59}.elementor-social-icon-stack-overflow{background-color:#fe7a15}.elementor-social-icon-steam{background-color:#00adee}.elementor-social-icon-stumbleupon{background-color:#eb4924}.elementor-social-icon-telegram{background-color:#2ca5e0}.elementor-social-icon-thumb-tack{background-color:#1aa1d8}.elementor-social-icon-tripadvisor{background-color:#589442}.elementor-social-icon-tumblr{background-color:#35465c}.elementor-social-icon-twitch{background-color:#6441a5}.elementor-social-icon-twitter{background-color:#1da1f2}.elementor-social-icon-viber{background-color:#665cac}.elementor-social-icon-vimeo{background-color:#1ab7ea}.elementor-social-icon-vk{background-color:#45668e}.elementor-social-icon-weibo{background-color:#dd2430}.elementor-social-icon-weixin{background-color:#31a918}.elementor-social-icon-whatsapp{background-color:#25d366}.elementor-social-icon-wordpress{background-color:#21759b}.elementor-social-icon-xing{background-color:#026466}.elementor-social-icon-yelp{background-color:#af0606}.elementor-social-icon-youtube{background-color:#cd201f}.elementor-social-icon-500px{background-color:#0099e5}.elementor-shape-rounded .elementor-icon.elementor-social-icon{border-radius:10%}.elementor-shape-circle .elementor-icon.elementor-social-icon{border-radius:50%}<\/style>\n<p>\t\t\t\t\t<a href=\"http:\/\/facebook@facebook.com\" target=\"_blank\" rel=\"noopener\"><br>\n\t\t\t\t\t\tFacebook<br>\n\t\t\t\t\t\t\t\t\t\t\t<\/a><br>\n\t\t\t\t\t<a href=\"http:\/\/whatsapp@whatsapp.com\" target=\"_blank\" rel=\"noopener\"><br>\n\t\t\t\t\t\tWhatsapp<br>\n\t\t\t\t\t\t\t\t\t\t\t<\/a><br>\n\t\t\t\t\t<a href=\"http:\/\/instagram@instagram.com\" target=\"_blank\" rel=\"noopener\"><br>\n\t\t\t\t\t\tInstagram<br>\n\t\t\t\t\t\t\t\t\t\t\t<\/a><\/p>\n<p>Adresse<br>Gold Apartments, Am Neuen Bau 8, 91126 Schwabach<br>Inhaber: K. Bastw\u00f6ste<\/p>\n<p> USt.ID: DE359086008<\/p>\n<p>Email- Adresse<br>verwaltung@gold-apartments.de<\/p>\n<p>Telefon<br>+49 1575 8228682<\/p>\n","protected":false},"excerpt":{"rendered":"","protected":false},"author":1,"featured_media":0,"parent":0,"menu_order":0,"comment_status":"closed","ping_status":"closed","template":"","meta":[],"_links":{"self":[{"href":"http:\/\/gold-apartments.de\/en\/wp-json\/wp\/v2\/pages\/28"}],"collection":[{"href":"http:\/\/gold-apartments.de\/en\/wp-json\/wp\/v2\/pages"}],"about":[{"href":"http:\/\/gold-apartments.de\/en\/wp-json\/wp\/v2\/types\/page"}],"author":[{"embeddable":true,"href":"http:\/\/gold-apartments.de\/en\/wp-json\/wp\/v2\/users\/1"}],"replies":[{"embeddable":true,"href":"http:\/\/gold-apartments.de\/en\/wp-json\/wp\/v2\/comments?post=28"}],"version-history":[{"count":133,"href":"http:\/\/gold-apartments.de\/en\/wp-json\/wp\/v2\/pages\/28\/revisions"}],"predecessor-version":[{"id":297,"href":"http:\/\/gold-apartments.de\/en\/wp-json\/wp\/v2\/pages\/28\/revisions\/297"}],"wp:attachment":[{"href":"http:\/\/gold-apartments.de\/en\/wp-json\/wp\/v2\/media?parent=28"}],"curies":[{"name":"wp","href":"https:\/\/api.w.org\/{rel}","templated":true}]}}